{"id":371,"date":"2024-03-21T11:10:21","date_gmt":"2024-03-21T11:10:21","guid":{"rendered":"https:\/\/capsulesizes.com\/product\/leere-gelatinekapseln-groesse-00\/"},"modified":"2024-03-21T11:10:21","modified_gmt":"2024-03-21T11:10:21","slug":"leere-gelatinekapseln-groesse-00","status":"publish","type":"product","link":"https:\/\/capsulesizes.com\/de\/produkt\/leere-gelatinekapseln-groesse-00\/","title":{"rendered":"Leere Gelatinekapseln Gr\u00f6\u00dfe 00"},"content":{"rendered":"<h3 class=\"a-spacing-mini\">750 mg durchschnittliches F\u00fcllgewicht #00<\/h3>\n<p class=\"a-spacing-base\">Unsere Gr\u00f6\u00dfe 00 wird sorgf\u00e4ltig gefertigt, um die h\u00f6chsten Qualit\u00e4tsstandards zu erf\u00fcllen und Zuverl\u00e4ssigkeit und Pr\u00e4zision bei der Verkapselung f\u00fcr pharmazeutische, nutrazeutische und pflanzliche Anwendungen zu gew\u00e4hrleisten.<\/p>\n<p class=\"a-spacing-base\">CAPSI #00-Funktion:<\/p>\n<ul class=\"a-unordered-list a-vertical\">\n<li><span class=\"a-list-item\"><span class=\"a-text-bold\">Kompatibilit\u00e4t mit Gr\u00f6\u00dfe 00<\/span>: Diese Kapseln der Gr\u00f6\u00dfe 00 wurden speziell f\u00fcr die Aufnahme einer gro\u00dfz\u00fcgigen Menge an verkapseltem Material entwickelt und bieten Vielseitigkeit und Ger\u00e4umigkeit und eignen sich f\u00fcr verschiedene Formulierungen und Dosierungsanforderungen.<\/span><\/li>\n<li><span class=\"a-list-item\"><span class=\"a-text-bold\">Hochwertige Materialien<\/span>: Unsere Kapseln werden aus ungiftigen Materialien in pharmazeutischer Qualit\u00e4t hergestellt und legen Wert auf Sicherheit und Reinheit.<\/span><\/li>\n<li><span class=\"a-list-item\"><span class=\"a-text-bold\">Einheitlich und konsistent<\/span>: Jede Kapsel wird mit Pr\u00e4zision gefertigt, um Einheitlichkeit in Gr\u00f6\u00dfe, Form und Kapazit\u00e4t zu gew\u00e4hrleisten und einen reibungslosen und zuverl\u00e4ssigen Verkapselungsprozess zu erm\u00f6glichen.<\/span><\/li>\n<li><span class=\"a-list-item\"><span class=\"a-text-bold\">Einfach zu bef\u00fcllendes Design<\/span>: Entwickelt mit einem praktischen Design, das den Bef\u00fcllvorgang vereinfacht und ein effizientes und genaues Bef\u00fcllen von Pulver- und Granulatformulierungen erm\u00f6glicht.<\/span><\/li>\n<li><span class=\"a-list-item\"><span class=\"a-text-bold\">Sicherer Verschluss<\/span>: Die Kapseln verschlie\u00dfen und versiegeln sicher, sch\u00fctzen den eingeschlossenen Inhalt vor Feuchtigkeit, Luft und Licht und bewahren so ihre Integrit\u00e4t und Wirksamkeit.<\/span><\/li>\n<\/ul>\n","protected":false},"excerpt":{"rendered":"<table class=\"a-bordered a-horizontal-stripes aplus-tech-spec-table\" style=\"color: #747474; font-size: 1rem;\">\n<tbody>\n<tr>\n<td class=\"a-text-bold\">Gr\u00f6\u00dfe<\/td>\n<td>#00<\/td>\n<\/tr>\n<tr>\n<td class=\"a-text-bold\">Durchschnittliches F\u00fcllgewicht<\/td>\n<td>750mg<\/td>\n<\/tr>\n<tr>\n<td class=\"a-text-bold\">Zutaten<\/td>\n<td>Gelatine und gereinigtes Wasser<\/td>\n<\/tr>\n<\/tbody>\n<\/table>\n<div class=\"a-row\">\n<div class=\"a-column a-span6 a-span-last\">\n<table class=\"a-bordered a-horizontal-stripes aplus-tech-spec-table\">\n<tbody>\n<tr>\n<td class=\"a-text-bold\">Gemeinsam<\/td>\n<td>Die Kapseln werden miteinander verbunden geliefert (sehr einfach auseinanderzuziehen, zu f\u00fcllen und zusammenzustecken)<\/td>\n<\/tr>\n<tr>\n<td class=\"a-text-bold\">Geeignet f\u00fcr den Einsatz<\/td>\n<td>Geeignet f\u00fcr alle trockenen Zutaten (Kr\u00e4uter und Pulver)<\/td>\n<\/tr>\n<tr>\n<td class=\"a-text-bold\">Farbe<\/td>\n<td>Klar klar<\/td>\n<\/tr>\n<\/tbody>\n<\/table>\n<\/div>\n<\/div>\n","protected":false},"featured_media":326,"comment_status":"open","ping_status":"closed","template":"","meta":[],"product_cat":[29,31],"product_tag":[],"class_list":{"0":"post-371","1":"product","2":"type-product","3":"status-publish","4":"has-post-thumbnail","6":"product_cat-gelatine","7":"product_cat-grose-00","9":"first","10":"instock","11":"taxable","12":"shipping-taxable","13":"purchasable","14":"product-type-variable"},"yoast_head":"<!-- This site is optimized with the Yoast SEO plugin v22.6 - https:\/\/yoast.com\/wordpress\/plugins\/seo\/ -->\n<title>Leere Gelatinekapseln Gr\u00f6\u00dfe 00 - Lieferant f\u00fcr leere Kapseln<\/title>\n<meta name=\"robots\" content=\"index, follow, max-snippet:-1, max-image-preview:large, max-video-preview:-1\" \/>\n<link rel=\"canonical\" href=\"https:\/\/capsulesizes.com\/de\/produkt\/leere-gelatinekapseln-groesse-00\/\" \/>\n<meta property=\"og:locale\" content=\"de_DE\" \/>\n<meta property=\"og:type\" content=\"article\" \/>\n<meta property=\"og:title\" content=\"Leere Gelatinekapseln Gr\u00f6\u00dfe 00 - Lieferant f\u00fcr leere Kapseln\" \/>\n<meta property=\"og:description\" content=\"Gr\u00f6\u00dfe #00  Durchschnittliches F\u00fcllgewicht 750mg  Zutaten Gelatine und gereinigtes Wasser     Gemeinsam Die Kapseln werden miteinander verbunden geliefert (sehr einfach auseinanderzuziehen, zu f\u00fcllen und zusammenzustecken)  Geeignet f\u00fcr den Einsatz Geeignet f\u00fcr alle trockenen Zutaten (Kr\u00e4uter und Pulver)  Farbe Klar klar\" \/>\n<meta property=\"og:url\" content=\"https:\/\/capsulesizes.com\/de\/produkt\/leere-gelatinekapseln-groesse-00\/\" \/>\n<meta property=\"og:site_name\" content=\"Lieferant f\u00fcr leere Kapseln\" \/>\n<meta property=\"og:image\" content=\"https:\/\/capsulesizes.com\/wp-content\/uploads\/2024\/03\/wholesale-box.jpg\" \/>\n\t<meta property=\"og:image:width\" content=\"500\" \/>\n\t<meta property=\"og:image:height\" content=\"500\" \/>\n\t<meta property=\"og:image:type\" content=\"image\/jpeg\" \/>\n<meta name=\"twitter:card\" content=\"summary_large_image\" \/>\n<meta name=\"twitter:label1\" content=\"Gesch\u00e4tzte Lesezeit\" \/>\n\t<meta name=\"twitter:data1\" content=\"1\u00a0Minute\" \/>\n<script type=\"application\/ld+json\" class=\"yoast-schema-graph\">{\"@context\":\"https:\/\/schema.org\",\"@graph\":[{\"@type\":\"WebPage\",\"@id\":\"https:\/\/capsulesizes.com\/de\/produkt\/leere-gelatinekapseln-groesse-00\/\",\"url\":\"https:\/\/capsulesizes.com\/de\/produkt\/leere-gelatinekapseln-groesse-00\/\",\"name\":\"Leere Gelatinekapseln Gr\u00f6\u00dfe 00 - Lieferant f\u00fcr leere Kapseln\",\"isPartOf\":{\"@id\":\"https:\/\/capsulesizes.com\/de\/#website\"},\"primaryImageOfPage\":{\"@id\":\"https:\/\/capsulesizes.com\/de\/produkt\/leere-gelatinekapseln-groesse-00\/#primaryimage\"},\"image\":{\"@id\":\"https:\/\/capsulesizes.com\/de\/produkt\/leere-gelatinekapseln-groesse-00\/#primaryimage\"},\"thumbnailUrl\":\"https:\/\/capsulesizes.com\/wp-content\/uploads\/2024\/03\/wholesale-box.jpg\",\"datePublished\":\"2024-03-21T11:10:21+00:00\",\"dateModified\":\"2024-03-21T11:10:21+00:00\",\"breadcrumb\":{\"@id\":\"https:\/\/capsulesizes.com\/de\/produkt\/leere-gelatinekapseln-groesse-00\/#breadcrumb\"},\"inLanguage\":\"de\",\"potentialAction\":[{\"@type\":\"ReadAction\",\"target\":[\"https:\/\/capsulesizes.com\/de\/produkt\/leere-gelatinekapseln-groesse-00\/\"]}]},{\"@type\":\"ImageObject\",\"inLanguage\":\"de\",\"@id\":\"https:\/\/capsulesizes.com\/de\/produkt\/leere-gelatinekapseln-groesse-00\/#primaryimage\",\"url\":\"https:\/\/capsulesizes.com\/wp-content\/uploads\/2024\/03\/wholesale-box.jpg\",\"contentUrl\":\"https:\/\/capsulesizes.com\/wp-content\/uploads\/2024\/03\/wholesale-box.jpg\",\"width\":500,\"height\":500},{\"@type\":\"BreadcrumbList\",\"@id\":\"https:\/\/capsulesizes.com\/de\/produkt\/leere-gelatinekapseln-groesse-00\/#breadcrumb\",\"itemListElement\":[{\"@type\":\"ListItem\",\"position\":1,\"name\":\"Home\",\"item\":\"https:\/\/capsulesizes.com\/de\/\"},{\"@type\":\"ListItem\",\"position\":2,\"name\":\"Gesch\u00e4ft\",\"item\":\"https:\/\/capsulesizes.com\/de\/shop-2\/\"},{\"@type\":\"ListItem\",\"position\":3,\"name\":\"Leere Gelatinekapseln Gr\u00f6\u00dfe 00\"}]},{\"@type\":\"WebSite\",\"@id\":\"https:\/\/capsulesizes.com\/de\/#website\",\"url\":\"https:\/\/capsulesizes.com\/de\/\",\"name\":\"Lieferant f\u00fcr leere Kapseln\",\"description\":\"Leere Gelatine- und HPMC-Kapseln (vegetarisch) in den Gr\u00f6\u00dfen 000, 00, 0, 1, 2, 3 und 4\\n\",\"publisher\":{\"@id\":\"https:\/\/capsulesizes.com\/de\/#organization\"},\"potentialAction\":[{\"@type\":\"SearchAction\",\"target\":{\"@type\":\"EntryPoint\",\"urlTemplate\":\"https:\/\/capsulesizes.com\/de\/?s={search_term_string}\"},\"query-input\":\"required name=search_term_string\"}],\"inLanguage\":\"de\"},{\"@type\":\"Organization\",\"@id\":\"https:\/\/capsulesizes.com\/de\/#organization\",\"name\":\"Lieferant f\u00fcr leere Kapseln\",\"url\":\"https:\/\/capsulesizes.com\/de\/\",\"logo\":{\"@type\":\"ImageObject\",\"inLanguage\":\"de\",\"@id\":\"https:\/\/capsulesizes.com\/de\/#\/schema\/logo\/image\/\",\"url\":\"https:\/\/capsulesizes.com\/wp-content\/uploads\/2024\/03\/cropped-CAPSI-LOGO.jpg\",\"contentUrl\":\"https:\/\/capsulesizes.com\/wp-content\/uploads\/2024\/03\/cropped-CAPSI-LOGO.jpg\",\"width\":1211,\"height\":1105,\"caption\":\"Lieferant f\u00fcr leere Kapseln\\n\"},\"image\":{\"@id\":\"https:\/\/capsulesizes.com\/de\/#\/schema\/logo\/image\/\"}}]}<\/script>\n<!-- \/ Yoast SEO plugin. -->","yoast_head_json":{"title":"Leere Gelatinekapseln Gr\u00f6\u00dfe 00 - Lieferant f\u00fcr leere Kapseln","robots":{"index":"index","follow":"follow","max-snippet":"max-snippet:-1","max-image-preview":"max-image-preview:large","max-video-preview":"max-video-preview:-1"},"canonical":"https:\/\/capsulesizes.com\/de\/produkt\/leere-gelatinekapseln-groesse-00\/","og_locale":"de_DE","og_type":"article","og_title":"Leere Gelatinekapseln Gr\u00f6\u00dfe 00 - Lieferant f\u00fcr leere Kapseln","og_description":"Gr\u00f6\u00dfe #00  Durchschnittliches F\u00fcllgewicht 750mg  Zutaten Gelatine und gereinigtes Wasser     Gemeinsam Die Kapseln werden miteinander verbunden geliefert (sehr einfach auseinanderzuziehen, zu f\u00fcllen und zusammenzustecken)  Geeignet f\u00fcr den Einsatz Geeignet f\u00fcr alle trockenen Zutaten (Kr\u00e4uter und Pulver)  Farbe Klar klar","og_url":"https:\/\/capsulesizes.com\/de\/produkt\/leere-gelatinekapseln-groesse-00\/","og_site_name":"Lieferant f\u00fcr leere Kapseln","og_image":[{"width":500,"height":500,"url":"https:\/\/capsulesizes.com\/wp-content\/uploads\/2024\/03\/wholesale-box.jpg","type":"image\/jpeg"}],"twitter_card":"summary_large_image","twitter_misc":{"Gesch\u00e4tzte Lesezeit":"1\u00a0Minute"},"schema":{"@context":"https:\/\/schema.org","@graph":[{"@type":"WebPage","@id":"https:\/\/capsulesizes.com\/de\/produkt\/leere-gelatinekapseln-groesse-00\/","url":"https:\/\/capsulesizes.com\/de\/produkt\/leere-gelatinekapseln-groesse-00\/","name":"Leere Gelatinekapseln Gr\u00f6\u00dfe 00 - Lieferant f\u00fcr leere Kapseln","isPartOf":{"@id":"https:\/\/capsulesizes.com\/de\/#website"},"primaryImageOfPage":{"@id":"https:\/\/capsulesizes.com\/de\/produkt\/leere-gelatinekapseln-groesse-00\/#primaryimage"},"image":{"@id":"https:\/\/capsulesizes.com\/de\/produkt\/leere-gelatinekapseln-groesse-00\/#primaryimage"},"thumbnailUrl":"https:\/\/capsulesizes.com\/wp-content\/uploads\/2024\/03\/wholesale-box.jpg","datePublished":"2024-03-21T11:10:21+00:00","dateModified":"2024-03-21T11:10:21+00:00","breadcrumb":{"@id":"https:\/\/capsulesizes.com\/de\/produkt\/leere-gelatinekapseln-groesse-00\/#breadcrumb"},"inLanguage":"de","potentialAction":[{"@type":"ReadAction","target":["https:\/\/capsulesizes.com\/de\/produkt\/leere-gelatinekapseln-groesse-00\/"]}]},{"@type":"ImageObject","inLanguage":"de","@id":"https:\/\/capsulesizes.com\/de\/produkt\/leere-gelatinekapseln-groesse-00\/#primaryimage","url":"https:\/\/capsulesizes.com\/wp-content\/uploads\/2024\/03\/wholesale-box.jpg","contentUrl":"https:\/\/capsulesizes.com\/wp-content\/uploads\/2024\/03\/wholesale-box.jpg","width":500,"height":500},{"@type":"BreadcrumbList","@id":"https:\/\/capsulesizes.com\/de\/produkt\/leere-gelatinekapseln-groesse-00\/#breadcrumb","itemListElement":[{"@type":"ListItem","position":1,"name":"Home","item":"https:\/\/capsulesizes.com\/de\/"},{"@type":"ListItem","position":2,"name":"Gesch\u00e4ft","item":"https:\/\/capsulesizes.com\/de\/shop-2\/"},{"@type":"ListItem","position":3,"name":"Leere Gelatinekapseln Gr\u00f6\u00dfe 00"}]},{"@type":"WebSite","@id":"https:\/\/capsulesizes.com\/de\/#website","url":"https:\/\/capsulesizes.com\/de\/","name":"Lieferant f\u00fcr leere Kapseln","description":"Leere Gelatine- und HPMC-Kapseln (vegetarisch) in den Gr\u00f6\u00dfen 000, 00, 0, 1, 2, 3 und 4\n","publisher":{"@id":"https:\/\/capsulesizes.com\/de\/#organization"},"potentialAction":[{"@type":"SearchAction","target":{"@type":"EntryPoint","urlTemplate":"https:\/\/capsulesizes.com\/de\/?s={search_term_string}"},"query-input":"required name=search_term_string"}],"inLanguage":"de"},{"@type":"Organization","@id":"https:\/\/capsulesizes.com\/de\/#organization","name":"Lieferant f\u00fcr leere Kapseln","url":"https:\/\/capsulesizes.com\/de\/","logo":{"@type":"ImageObject","inLanguage":"de","@id":"https:\/\/capsulesizes.com\/de\/#\/schema\/logo\/image\/","url":"https:\/\/capsulesizes.com\/wp-content\/uploads\/2024\/03\/cropped-CAPSI-LOGO.jpg","contentUrl":"https:\/\/capsulesizes.com\/wp-content\/uploads\/2024\/03\/cropped-CAPSI-LOGO.jpg","width":1211,"height":1105,"caption":"Lieferant f\u00fcr leere Kapseln\n"},"image":{"@id":"https:\/\/capsulesizes.com\/de\/#\/schema\/logo\/image\/"}}]}},"jetpack_sharing_enabled":true,"_links":{"self":[{"href":"https:\/\/capsulesizes.com\/de\/wp-json\/wp\/v2\/product\/371","targetHints":{"allow":["GET"]}}],"collection":[{"href":"https:\/\/capsulesizes.com\/de\/wp-json\/wp\/v2\/product"}],"about":[{"href":"https:\/\/capsulesizes.com\/de\/wp-json\/wp\/v2\/types\/product"}],"replies":[{"embeddable":true,"href":"https:\/\/capsulesizes.com\/de\/wp-json\/wp\/v2\/comments?post=371"}],"wp:featuredmedia":[{"embeddable":true,"href":"https:\/\/capsulesizes.com\/de\/wp-json\/wp\/v2\/media\/326"}],"wp:attachment":[{"href":"https:\/\/capsulesizes.com\/de\/wp-json\/wp\/v2\/media?parent=371"}],"wp:term":[{"taxonomy":"product_cat","embeddable":true,"href":"https:\/\/capsulesizes.com\/de\/wp-json\/wp\/v2\/product_cat?post=371"},{"taxonomy":"product_tag","embeddable":true,"href":"https:\/\/capsulesizes.com\/de\/wp-json\/wp\/v2\/product_tag?post=371"}],"curies":[{"name":"wp","href":"https:\/\/api.w.org\/{rel}","templated":true}]}}