{"id":611,"date":"2024-05-08T17:56:12","date_gmt":"2024-05-08T17:56:12","guid":{"rendered":"https:\/\/capsulesizes.com\/?post_type=product&#038;p=611"},"modified":"2026-04-11T23:13:57","modified_gmt":"2026-04-11T23:13:57","slug":"capsule-filling-machine","status":"publish","type":"product","link":"https:\/\/capsulesizes.com\/de\/product\/capsule-filling-machine\/","title":{"rendered":"Capsule Filling Machine"},"content":{"rendered":"<p>Capsule Filling Machine in Size 000, 00, 0, or 1<\/p>\n<p>&#8211; CAPSI Filling machine for empty capsule for use with gelatin or vegetarian caps.<\/p>\n<p>Capsule sizes are your reliable supplier for empty hard capsules.<\/p>\n<p>Our top quality filling machines in different sizes.<\/p>\n<p>Create your own capsules from your own home.<\/p>\n<p>Bespoke your own capsules filling with herbs, vitamin and supplement powders in bulk.<\/p>\n<p>Pill maker filler can create 100 custom capsules within minutes<\/p>\n<p>For use with CAPSI Capsules\u00a0 HPMC or Gelatin<\/p>\n<p>Package Included: 1 x Alignment Plate 1 x Body Plate 1 x Middle Plate 1 x Cap Plate 1 x Powder Pressing Plate 1 x Power Spreader 1 x Handle<\/p>\n<p>Condition: New<\/p>\n<p>Item Type: Capsule Filler Machine<\/p>\n<p>Product Material: Plastic Color: Blue &amp; off white Holes<\/p>\n<p>Quantity: 100 Suitable for Capsule Type: Various selections<\/p>\n<p>Alignment Plate Width: Approx. 15.7cm \/ 6.2inch Package Weight: Approx. 798g<\/p>\n","protected":false},"excerpt":{"rendered":"<ul class=\"a-unordered-list a-vertical a-spacing-mini\">\n<li class=\"a-spacing-mini\"><span class=\"a-list-item\">Capsule machine in size 000, 00, 0, or 1 <\/span><\/li>\n<li class=\"a-spacing-mini\"><span class=\"a-list-item\">Average Capsule fill weight Average from 1000mg &#8211; 350mg depending on capsule &amp; machine<\/span><\/li>\n<li class=\"a-spacing-mini\"><span class=\"a-list-item\">Light Weight and Travel Friendly<\/span><\/li>\n<li class=\"a-spacing-mini\"><span class=\"a-list-item\">Customise you own Supplements to your own requirements<\/span><\/li>\n<\/ul>\n","protected":false},"featured_media":620,"comment_status":"open","ping_status":"closed","template":"","meta":[],"product_cat":[15],"product_tag":[],"class_list":{"0":"post-611","1":"product","2":"type-product","3":"status-publish","4":"has-post-thumbnail","6":"product_cat-all-products","8":"first","9":"instock","10":"taxable","11":"shipping-taxable","12":"purchasable","13":"product-type-variable"},"yoast_head":"<!-- This site is optimized with the Yoast SEO plugin v22.6 - https:\/\/yoast.com\/wordpress\/plugins\/seo\/ -->\n<title>Capsule Filling Machine - Lieferant f\u00fcr leere Kapseln<\/title>\n<meta name=\"robots\" content=\"index, follow, max-snippet:-1, max-image-preview:large, max-video-preview:-1\" \/>\n<link rel=\"canonical\" href=\"https:\/\/capsulesizes.com\/de\/product\/capsule-filling-machine\/\" \/>\n<meta property=\"og:locale\" content=\"de_DE\" \/>\n<meta property=\"og:type\" content=\"article\" \/>\n<meta property=\"og:title\" content=\"Capsule Filling Machine - Lieferant f\u00fcr leere Kapseln\" \/>\n<meta property=\"og:description\" content=\"Capsule machine in size 000, 00, 0, or 1   Average Capsule fill weight Average from 1000mg - 350mg depending on capsule &amp; machine  Light Weight and Travel Friendly  Customise you own Supplements to your own requirements\" \/>\n<meta property=\"og:url\" content=\"https:\/\/capsulesizes.com\/de\/product\/capsule-filling-machine\/\" \/>\n<meta property=\"og:site_name\" content=\"Lieferant f\u00fcr leere Kapseln\" \/>\n<meta property=\"article:modified_time\" content=\"2026-04-11T23:13:57+00:00\" \/>\n<meta property=\"og:image\" content=\"https:\/\/capsulesizes.com\/wp-content\/uploads\/2024\/05\/capsule-fill-machine-000-main-package-machine-scaled.jpg\" \/>\n\t<meta property=\"og:image:width\" content=\"2560\" \/>\n\t<meta property=\"og:image:height\" content=\"2365\" \/>\n\t<meta property=\"og:image:type\" content=\"image\/jpeg\" \/>\n<meta name=\"twitter:card\" content=\"summary_large_image\" \/>\n<meta name=\"twitter:label1\" content=\"Gesch\u00e4tzte Lesezeit\" \/>\n\t<meta name=\"twitter:data1\" content=\"1\u00a0Minute\" \/>\n<script type=\"application\/ld+json\" class=\"yoast-schema-graph\">{\"@context\":\"https:\/\/schema.org\",\"@graph\":[{\"@type\":\"WebPage\",\"@id\":\"https:\/\/capsulesizes.com\/de\/product\/capsule-filling-machine\/\",\"url\":\"https:\/\/capsulesizes.com\/de\/product\/capsule-filling-machine\/\",\"name\":\"Capsule Filling Machine - Lieferant f\u00fcr leere Kapseln\",\"isPartOf\":{\"@id\":\"https:\/\/capsulesizes.com\/de\/#website\"},\"primaryImageOfPage\":{\"@id\":\"https:\/\/capsulesizes.com\/de\/product\/capsule-filling-machine\/#primaryimage\"},\"image\":{\"@id\":\"https:\/\/capsulesizes.com\/de\/product\/capsule-filling-machine\/#primaryimage\"},\"thumbnailUrl\":\"https:\/\/capsulesizes.com\/wp-content\/uploads\/2024\/05\/capsule-fill-machine-000-main-package-machine-scaled.jpg\",\"datePublished\":\"2024-05-08T17:56:12+00:00\",\"dateModified\":\"2026-04-11T23:13:57+00:00\",\"breadcrumb\":{\"@id\":\"https:\/\/capsulesizes.com\/de\/product\/capsule-filling-machine\/#breadcrumb\"},\"inLanguage\":\"de\",\"potentialAction\":[{\"@type\":\"ReadAction\",\"target\":[\"https:\/\/capsulesizes.com\/de\/product\/capsule-filling-machine\/\"]}]},{\"@type\":\"ImageObject\",\"inLanguage\":\"de\",\"@id\":\"https:\/\/capsulesizes.com\/de\/product\/capsule-filling-machine\/#primaryimage\",\"url\":\"https:\/\/capsulesizes.com\/wp-content\/uploads\/2024\/05\/capsule-fill-machine-000-main-package-machine-scaled.jpg\",\"contentUrl\":\"https:\/\/capsulesizes.com\/wp-content\/uploads\/2024\/05\/capsule-fill-machine-000-main-package-machine-scaled.jpg\",\"width\":2560,\"height\":2365},{\"@type\":\"BreadcrumbList\",\"@id\":\"https:\/\/capsulesizes.com\/de\/product\/capsule-filling-machine\/#breadcrumb\",\"itemListElement\":[{\"@type\":\"ListItem\",\"position\":1,\"name\":\"Home\",\"item\":\"https:\/\/capsulesizes.com\/de\/\"},{\"@type\":\"ListItem\",\"position\":2,\"name\":\"Gesch\u00e4ft\",\"item\":\"https:\/\/capsulesizes.com\/de\/shop-2\/\"},{\"@type\":\"ListItem\",\"position\":3,\"name\":\"Capsule Filling Machine\"}]},{\"@type\":\"WebSite\",\"@id\":\"https:\/\/capsulesizes.com\/de\/#website\",\"url\":\"https:\/\/capsulesizes.com\/de\/\",\"name\":\"Lieferant f\u00fcr leere Kapseln\",\"description\":\"Leere Gelatine- und HPMC-Kapseln (vegetarisch) in den Gr\u00f6\u00dfen 000, 00, 0, 1, 2, 3 und 4\\n\",\"publisher\":{\"@id\":\"https:\/\/capsulesizes.com\/de\/#organization\"},\"potentialAction\":[{\"@type\":\"SearchAction\",\"target\":{\"@type\":\"EntryPoint\",\"urlTemplate\":\"https:\/\/capsulesizes.com\/de\/?s={search_term_string}\"},\"query-input\":\"required name=search_term_string\"}],\"inLanguage\":\"de\"},{\"@type\":\"Organization\",\"@id\":\"https:\/\/capsulesizes.com\/de\/#organization\",\"name\":\"Lieferant f\u00fcr leere Kapseln\",\"url\":\"https:\/\/capsulesizes.com\/de\/\",\"logo\":{\"@type\":\"ImageObject\",\"inLanguage\":\"de\",\"@id\":\"https:\/\/capsulesizes.com\/de\/#\/schema\/logo\/image\/\",\"url\":\"https:\/\/capsulesizes.com\/wp-content\/uploads\/2024\/03\/cropped-CAPSI-LOGO.jpg\",\"contentUrl\":\"https:\/\/capsulesizes.com\/wp-content\/uploads\/2024\/03\/cropped-CAPSI-LOGO.jpg\",\"width\":1211,\"height\":1105,\"caption\":\"Lieferant f\u00fcr leere Kapseln\\n\"},\"image\":{\"@id\":\"https:\/\/capsulesizes.com\/de\/#\/schema\/logo\/image\/\"}}]}<\/script>\n<!-- \/ Yoast SEO plugin. -->","yoast_head_json":{"title":"Capsule Filling Machine - Lieferant f\u00fcr leere Kapseln","robots":{"index":"index","follow":"follow","max-snippet":"max-snippet:-1","max-image-preview":"max-image-preview:large","max-video-preview":"max-video-preview:-1"},"canonical":"https:\/\/capsulesizes.com\/de\/product\/capsule-filling-machine\/","og_locale":"de_DE","og_type":"article","og_title":"Capsule Filling Machine - Lieferant f\u00fcr leere Kapseln","og_description":"Capsule machine in size 000, 00, 0, or 1   Average Capsule fill weight Average from 1000mg - 350mg depending on capsule &amp; machine  Light Weight and Travel Friendly  Customise you own Supplements to your own requirements","og_url":"https:\/\/capsulesizes.com\/de\/product\/capsule-filling-machine\/","og_site_name":"Lieferant f\u00fcr leere Kapseln","article_modified_time":"2026-04-11T23:13:57+00:00","og_image":[{"width":2560,"height":2365,"url":"https:\/\/capsulesizes.com\/wp-content\/uploads\/2024\/05\/capsule-fill-machine-000-main-package-machine-scaled.jpg","type":"image\/jpeg"}],"twitter_card":"summary_large_image","twitter_misc":{"Gesch\u00e4tzte Lesezeit":"1\u00a0Minute"},"schema":{"@context":"https:\/\/schema.org","@graph":[{"@type":"WebPage","@id":"https:\/\/capsulesizes.com\/de\/product\/capsule-filling-machine\/","url":"https:\/\/capsulesizes.com\/de\/product\/capsule-filling-machine\/","name":"Capsule Filling Machine - Lieferant f\u00fcr leere Kapseln","isPartOf":{"@id":"https:\/\/capsulesizes.com\/de\/#website"},"primaryImageOfPage":{"@id":"https:\/\/capsulesizes.com\/de\/product\/capsule-filling-machine\/#primaryimage"},"image":{"@id":"https:\/\/capsulesizes.com\/de\/product\/capsule-filling-machine\/#primaryimage"},"thumbnailUrl":"https:\/\/capsulesizes.com\/wp-content\/uploads\/2024\/05\/capsule-fill-machine-000-main-package-machine-scaled.jpg","datePublished":"2024-05-08T17:56:12+00:00","dateModified":"2026-04-11T23:13:57+00:00","breadcrumb":{"@id":"https:\/\/capsulesizes.com\/de\/product\/capsule-filling-machine\/#breadcrumb"},"inLanguage":"de","potentialAction":[{"@type":"ReadAction","target":["https:\/\/capsulesizes.com\/de\/product\/capsule-filling-machine\/"]}]},{"@type":"ImageObject","inLanguage":"de","@id":"https:\/\/capsulesizes.com\/de\/product\/capsule-filling-machine\/#primaryimage","url":"https:\/\/capsulesizes.com\/wp-content\/uploads\/2024\/05\/capsule-fill-machine-000-main-package-machine-scaled.jpg","contentUrl":"https:\/\/capsulesizes.com\/wp-content\/uploads\/2024\/05\/capsule-fill-machine-000-main-package-machine-scaled.jpg","width":2560,"height":2365},{"@type":"BreadcrumbList","@id":"https:\/\/capsulesizes.com\/de\/product\/capsule-filling-machine\/#breadcrumb","itemListElement":[{"@type":"ListItem","position":1,"name":"Home","item":"https:\/\/capsulesizes.com\/de\/"},{"@type":"ListItem","position":2,"name":"Gesch\u00e4ft","item":"https:\/\/capsulesizes.com\/de\/shop-2\/"},{"@type":"ListItem","position":3,"name":"Capsule Filling Machine"}]},{"@type":"WebSite","@id":"https:\/\/capsulesizes.com\/de\/#website","url":"https:\/\/capsulesizes.com\/de\/","name":"Lieferant f\u00fcr leere Kapseln","description":"Leere Gelatine- und HPMC-Kapseln (vegetarisch) in den Gr\u00f6\u00dfen 000, 00, 0, 1, 2, 3 und 4\n","publisher":{"@id":"https:\/\/capsulesizes.com\/de\/#organization"},"potentialAction":[{"@type":"SearchAction","target":{"@type":"EntryPoint","urlTemplate":"https:\/\/capsulesizes.com\/de\/?s={search_term_string}"},"query-input":"required name=search_term_string"}],"inLanguage":"de"},{"@type":"Organization","@id":"https:\/\/capsulesizes.com\/de\/#organization","name":"Lieferant f\u00fcr leere Kapseln","url":"https:\/\/capsulesizes.com\/de\/","logo":{"@type":"ImageObject","inLanguage":"de","@id":"https:\/\/capsulesizes.com\/de\/#\/schema\/logo\/image\/","url":"https:\/\/capsulesizes.com\/wp-content\/uploads\/2024\/03\/cropped-CAPSI-LOGO.jpg","contentUrl":"https:\/\/capsulesizes.com\/wp-content\/uploads\/2024\/03\/cropped-CAPSI-LOGO.jpg","width":1211,"height":1105,"caption":"Lieferant f\u00fcr leere Kapseln\n"},"image":{"@id":"https:\/\/capsulesizes.com\/de\/#\/schema\/logo\/image\/"}}]}},"jetpack_sharing_enabled":true,"_links":{"self":[{"href":"https:\/\/capsulesizes.com\/de\/wp-json\/wp\/v2\/product\/611","targetHints":{"allow":["GET"]}}],"collection":[{"href":"https:\/\/capsulesizes.com\/de\/wp-json\/wp\/v2\/product"}],"about":[{"href":"https:\/\/capsulesizes.com\/de\/wp-json\/wp\/v2\/types\/product"}],"replies":[{"embeddable":true,"href":"https:\/\/capsulesizes.com\/de\/wp-json\/wp\/v2\/comments?post=611"}],"wp:featuredmedia":[{"embeddable":true,"href":"https:\/\/capsulesizes.com\/de\/wp-json\/wp\/v2\/media\/620"}],"wp:attachment":[{"href":"https:\/\/capsulesizes.com\/de\/wp-json\/wp\/v2\/media?parent=611"}],"wp:term":[{"taxonomy":"product_cat","embeddable":true,"href":"https:\/\/capsulesizes.com\/de\/wp-json\/wp\/v2\/product_cat?post=611"},{"taxonomy":"product_tag","embeddable":true,"href":"https:\/\/capsulesizes.com\/de\/wp-json\/wp\/v2\/product_tag?post=611"}],"curies":[{"name":"wp","href":"https:\/\/api.w.org\/{rel}","templated":true}]}}