{"id":422,"date":"2024-03-20T15:37:30","date_gmt":"2024-03-20T15:37:30","guid":{"rendered":"https:\/\/capsulesizes.com\/livraison-et-expedition\/"},"modified":"2024-03-30T10:33:01","modified_gmt":"2024-03-30T10:33:01","slug":"livraison-et-expedition","status":"publish","type":"page","link":"https:\/\/capsulesizes.com\/fr\/livraison-et-expedition\/","title":{"rendered":"Livraison et exp\u00e9dition"},"content":{"rendered":"\n<p>Bienvenue dans les tailles de capsules ! Nous comprenons qu&#8217;il est important pour vous de recevoir vos articles rapidement et en toute s\u00e9curit\u00e9, c&#8217;est pourquoi nous avons \u00e9tabli des pratiques de livraison et d&#8217;exp\u00e9dition claires et efficaces pour garantir une exp\u00e9rience d&#8217;achat fluide. Vous trouverez ci-dessous toutes les informations dont vous avez besoin concernant nos options, tarifs et politiques d&#8217;exp\u00e9dition.<\/p>\n\n<h4 class=\"wp-block-heading\">Les options d&#8217;exp\u00e9dition<\/h4>\n\n<ul class=\"wp-block-list\">\n<li><strong>Exp\u00e9dition standard<\/strong> : livraison sous 5 \u00e0 7 jours ouvrables.<\/li>\n\n\n\n<li><strong>Exp\u00e9dition acc\u00e9l\u00e9r\u00e9e<\/strong> : livraison sous 2 \u00e0 3 jours ouvrables.<\/li>\n\n\n\n<li><strong>Exp\u00e9dition le jour suivant<\/strong> : livraison le jour ouvrable suivant.<\/li>\n<\/ul>\n\n<p>Veuillez noter que les d\u00e9lais d&#8217;exp\u00e9dition sont estim\u00e9s \u00e0 partir du jour o\u00f9 votre commande est exp\u00e9di\u00e9e et non du jour o\u00f9 la commande est pass\u00e9e. Les d\u00e9lais de livraison peuvent varier en raison de la disponibilit\u00e9 des produits, et un d\u00e9lai suppl\u00e9mentaire peut \u00eatre n\u00e9cessaire pour les commandes comportant plusieurs articles.<\/p>\n\n<h4 class=\"wp-block-heading\">Frais d&#8217;envoi<\/h4>\n\n<p>Les tarifs d&#8217;exp\u00e9dition sont d\u00e9termin\u00e9s en fonction du poids et des dimensions de votre commande, de l&#8217;option d&#8217;exp\u00e9dition que vous s\u00e9lectionnez et de votre adresse de livraison. Vous pouvez consulter les frais d&#8217;exp\u00e9dition estim\u00e9s \u00e0 la caisse avant de finaliser votre commande.<\/p>\n\n<ul class=\"wp-block-list\">\n<li><strong>Livraison standard gratuite<\/strong> : disponible sur les commandes sup\u00e9rieures \u00e0 un certain montant de 10,00 \u00a3 au Royaume-Uni<\/li>\n\n\n\n<li><strong>Exp\u00e9dition forfaitaire<\/strong> : disponible pour les options d&#8217;exp\u00e9dition standard, offrant des frais d&#8217;exp\u00e9dition fixes quel que soit la taille ou le poids de la commande.<\/li>\n<\/ul>\n\n<h4 class=\"wp-block-heading\">Transport maritime international<\/h4>\n\n<ul class=\"wp-block-list\">\n<li>Nous proposons une exp\u00e9dition internationale vers certains pays. Les tarifs d&#8217;exp\u00e9dition et les d\u00e9lais de livraison varient en fonction du pays de destination.<\/li>\n\n\n\n<li>Veuillez noter que les commandes internationales peuvent \u00eatre soumises \u00e0 des frais de douane, taxes et droits suppl\u00e9mentaires, qui sont \u00e0 la charge du client.<\/li>\n<\/ul>\n\n<h4 class=\"wp-block-heading\">D\u00e9lai de traitement des commandes<\/h4>\n\n<ul class=\"wp-block-list\">\n<li>Les commandes sont trait\u00e9es et exp\u00e9di\u00e9es uniquement les jours ouvrables (du lundi au vendredi, hors jours f\u00e9ri\u00e9s).<\/li>\n\n\n\n<li>La plupart des commandes sont trait\u00e9es dans un d\u00e9lai de 1 \u00e0 2 jours ouvrables apr\u00e8s r\u00e9ception. Le temps de traitement peut augmenter pendant les p\u00e9riodes de vacances ou pour les commandes comportant des articles en rupture de stock.<\/li>\n<\/ul>\n\n<h4 class=\"wp-block-heading\">Suivi de votre commande<\/h4>\n\n<ul class=\"wp-block-list\">\n<li>Une fois votre commande exp\u00e9di\u00e9e, vous recevrez une notification par e-mail avec vos informations de suivi. Vous pouvez suivre l&#8217;\u00e9volution de votre commande directement via le lien fourni ou en visitant notre site Internet.<\/li>\n<\/ul>\n\n<h4 class=\"wp-block-heading\">Instructions de livraison et colis<\/h4>\n\n<ul class=\"wp-block-list\">\n<li>Si vous avez des instructions ou des pr\u00e9f\u00e9rences de livraison sp\u00e9cifiques, veuillez les inclure dans vos notes de commande au moment du paiement. Bien que nous fassions de notre mieux pour r\u00e9pondre \u00e0 vos demandes, nous ne pouvons garantir que toutes les instructions de livraison seront suivies par le transporteur.<\/li>\n\n\n\n<li>Toutes les commandes sont emball\u00e9es avec soin pour garantir que vos articles arrivent en parfait \u00e9tat.<\/li>\n<\/ul>\n\n<h4 class=\"wp-block-heading\">Contactez-nous<\/h4>\n\n<p>Si vous avez des questions sur l&#8217;exp\u00e9dition et la livraison de votre commande ou si vous avez besoin d&#8217;aide, n&#8217;h\u00e9sitez pas \u00e0 nous contacter :<\/p>\n\n<ul class=\"wp-block-list\">\n<li><strong>Courriel<\/strong> : enquiries@capsulesizes.com<\/li>\n\n\n\n<li><strong>T\u00e9l\u00e9phone<\/strong> : +44 800 161 5503<\/li>\n\n\n\n<li><strong>Formulaire de contact<\/strong> : <a href=\"https:\/\/capsulesizes.com\/fr\/contactez-nous\/\">Contactez-nous<\/a><\/li>\n<\/ul>\n\n<p>Chez Capsule Sizes, nous nous engageons \u00e0 vous offrir la meilleure exp\u00e9rience d&#8217;achat en ligne, de la navigation et de la commande \u00e0 la livraison. Merci de nous avoir choisis pour vos besoins.<\/p>\n\n<div class=\"wp-block-columns is-layout-flex wp-container-core-columns-is-layout-9d6595d7 wp-block-columns-is-layout-flex\">\n<div class=\"wp-block-column is-layout-flow wp-block-column-is-layout-flow\" style=\"flex-basis:70%\">\n<div class=\"wp-block-group alignwide is-vertical is-layout-flex wp-container-core-group-is-layout-90494213 wp-block-group-is-layout-flex\"><div class=\"is-default-size wp-block-site-logo\"><a href=\"https:\/\/capsulesizes.com\/fr\/\" class=\"custom-logo-link\" rel=\"home\"><img loading=\"lazy\" decoding=\"async\" width=\"1211\" height=\"1105\" src=\"https:\/\/capsulesizes.com\/wp-content\/uploads\/2024\/03\/cropped-CAPSI-LOGO.jpg\" class=\"custom-logo\" alt=\"Empty Capsule Supplier\" srcset=\"https:\/\/capsulesizes.com\/wp-content\/uploads\/2024\/03\/cropped-CAPSI-LOGO.jpg 1211w, https:\/\/capsulesizes.com\/wp-content\/uploads\/2024\/03\/cropped-CAPSI-LOGO-300x274.jpg 300w, https:\/\/capsulesizes.com\/wp-content\/uploads\/2024\/03\/cropped-CAPSI-LOGO-1024x934.jpg 1024w, https:\/\/capsulesizes.com\/wp-content\/uploads\/2024\/03\/cropped-CAPSI-LOGO-768x701.jpg 768w, https:\/\/capsulesizes.com\/wp-content\/uploads\/2024\/03\/cropped-CAPSI-LOGO-600x547.jpg 600w\" sizes=\"auto, (max-width: 1211px) 100vw, 1211px\" \/><\/a><\/div>\n\n\n<div class=\"wp-block-group is-vertical is-content-justification-left is-nowrap is-layout-flex wp-container-core-group-is-layout-c4b0cb36 wp-block-group-is-layout-flex\"><nav class=\"is-responsive items-justified-center wp-block-navigation is-content-justification-center is-layout-flex wp-container-core-navigation-is-layout-16018d1d wp-block-navigation-is-layout-flex\" aria-label=\"Navigation\" \n\t\t data-wp-interactive=\"core\/navigation\" data-wp-context='{\"overlayOpenedBy\":{\"click\":false,\"hover\":false,\"focus\":false},\"type\":\"overlay\",\"roleAttribute\":\"\",\"ariaLabel\":\"Menu\"}'><button aria-haspopup=\"dialog\" aria-label=\"Ouvrir le menu\" class=\"wp-block-navigation__responsive-container-open\" \n\t\t\t\tdata-wp-on--click=\"actions.openMenuOnClick\"\n\t\t\t\tdata-wp-on--keydown=\"actions.handleMenuKeydown\"\n\t\t\t><svg width=\"24\" height=\"24\" xmlns=\"http:\/\/www.w3.org\/2000\/svg\" viewBox=\"0 0 24 24\" aria-hidden=\"true\" focusable=\"false\"><path d=\"M4 7.5h16v1.5H4z\"><\/path><path d=\"M4 15h16v1.5H4z\"><\/path><\/svg><\/button>\n\t\t\t\t<div class=\"wp-block-navigation__responsive-container\"  id=\"modal-1\" \n\t\t\t\tdata-wp-class--has-modal-open=\"state.isMenuOpen\"\n\t\t\t\tdata-wp-class--is-menu-open=\"state.isMenuOpen\"\n\t\t\t\tdata-wp-watch=\"callbacks.initMenu\"\n\t\t\t\tdata-wp-on--keydown=\"actions.handleMenuKeydown\"\n\t\t\t\tdata-wp-on--focusout=\"actions.handleMenuFocusout\"\n\t\t\t\ttabindex=\"-1\"\n\t\t\t>\n\t\t\t\t\t<div class=\"wp-block-navigation__responsive-close\" tabindex=\"-1\">\n\t\t\t\t\t\t<div class=\"wp-block-navigation__responsive-dialog\" \n\t\t\t\tdata-wp-bind--aria-modal=\"state.ariaModal\"\n\t\t\t\tdata-wp-bind--aria-label=\"state.ariaLabel\"\n\t\t\t\tdata-wp-bind--role=\"state.roleAttribute\"\n\t\t\t>\n\t\t\t\t\t\t\t<button aria-label=\"Fermer le menu\" class=\"wp-block-navigation__responsive-container-close\" \n\t\t\t\tdata-wp-on--click=\"actions.closeMenuOnClick\"\n\t\t\t><svg xmlns=\"http:\/\/www.w3.org\/2000\/svg\" viewBox=\"0 0 24 24\" width=\"24\" height=\"24\" aria-hidden=\"true\" focusable=\"false\"><path d=\"m13.06 12 6.47-6.47-1.06-1.06L12 10.94 5.53 4.47 4.47 5.53 10.94 12l-6.47 6.47 1.06 1.06L12 13.06l6.47 6.47 1.06-1.06L13.06 12Z\"><\/path><\/svg><\/button>\n\t\t\t\t\t\t\t<div class=\"wp-block-navigation__responsive-container-content\" \n\t\t\t\tdata-wp-watch=\"callbacks.focusFirstElement\"\n\t\t\t id=\"modal-1-content\">\n\t\t\t\t\t\t\t\t<ul class=\"wp-block-navigation__container is-responsive items-justified-center wp-block-navigation\"><li class=\" wp-block-navigation-item wp-block-navigation-link\"><a class=\"wp-block-navigation-item__content\"  href=\"https:\/\/capsulesizes.com\/about-us\/\"><span class=\"wp-block-navigation-item__label\">About Us<\/span><\/a><\/li><li class=\" wp-block-navigation-item wp-block-navigation-link\"><a class=\"wp-block-navigation-item__content\"  href=\"https:\/\/capsulesizes.com\/basket\/\"><span class=\"wp-block-navigation-item__label\">Basket<\/span><\/a><\/li><li class=\" wp-block-navigation-item wp-block-navigation-link\"><a class=\"wp-block-navigation-item__content\"  href=\"https:\/\/capsulesizes.com\/checkout\/\"><span class=\"wp-block-navigation-item__label\">Checkout<\/span><\/a><\/li><li class=\" wp-block-navigation-item wp-block-navigation-link\"><a class=\"wp-block-navigation-item__content\"  href=\"https:\/\/capsulesizes.com\/contact-us\/\"><span class=\"wp-block-navigation-item__label\">Contact Us<\/span><\/a><\/li><li class=\" wp-block-navigation-item wp-block-navigation-link\"><a class=\"wp-block-navigation-item__content\"  href=\"https:\/\/capsulesizes.com\/delivery-and-shipping-policy-for-capsule-sizes\/\"><span class=\"wp-block-navigation-item__label\">Delivery and Shipping<\/span><\/a><\/li><li class=\" wp-block-navigation-item wp-block-navigation-link\"><a class=\"wp-block-navigation-item__content\"  href=\"https:\/\/capsulesizes.com\/my-account\/\"><span class=\"wp-block-navigation-item__label\">My account<\/span><\/a><\/li><li class=\" wp-block-navigation-item wp-block-navigation-link\"><a class=\"wp-block-navigation-item__content\"  href=\"https:\/\/capsulesizes.com\/privacy-policy\/\"><span class=\"wp-block-navigation-item__label\">Privacy Policy<\/span><\/a><\/li><li class=\" wp-block-navigation-item wp-block-navigation-link\"><a class=\"wp-block-navigation-item__content\"  href=\"https:\/\/capsulesizes.com\/refund_returns\/\"><span class=\"wp-block-navigation-item__label\">Refund and Returns Policy<\/span><\/a><\/li><li class=\" wp-block-navigation-item wp-block-navigation-link\"><a class=\"wp-block-navigation-item__content\"  href=\"https:\/\/capsulesizes.com\/services\/\"><span class=\"wp-block-navigation-item__label\">Services<\/span><\/a><\/li><li class=\" wp-block-navigation-item wp-block-navigation-link\"><a class=\"wp-block-navigation-item__content\"  href=\"https:\/\/capsulesizes.com\/shop\/\"><span class=\"wp-block-navigation-item__label\">Shop<\/span><\/a><\/li><\/ul>\n\t\t\t\t\t\t\t<\/div>\n\t\t\t\t\t\t<\/div>\n\t\t\t\t\t<\/div>\n\t\t\t\t<\/div><\/nav><\/div>\n<\/div>\n<\/div>\n\n\n\n<div class=\"wp-block-column is-layout-flow wp-block-column-is-layout-flow\">\n<div class=\"wp-block-group is-vertical is-layout-flex wp-container-core-group-is-layout-5d5a54e7 wp-block-group-is-layout-flex\">\n<p class=\"has-medium-font-size\"><strong>Join our community<\/strong><\/p>\n\n\n\n<p style=\"font-size:14px\">Learn about new products and discounts!<\/p>\n<\/div>\n\n\n\n<ul class=\"wp-block-social-links is-style-logos-only is-layout-flex wp-block-social-links-is-layout-flex\">\n\n\n\n\n\n<li class=\"wp-social-link wp-social-link-whatsapp  wp-block-social-link\"><a href=\"https:\/\/www.google.co.uk\" class=\"wp-block-social-link-anchor\"><svg width=\"24\" height=\"24\" viewBox=\"0 0 24 24\" version=\"1.1\" xmlns=\"http:\/\/www.w3.org\/2000\/svg\" aria-hidden=\"true\" focusable=\"false\"><path d=\"M 12.011719 2 C 6.5057187 2 2.0234844 6.478375 2.0214844 11.984375 C 2.0204844 13.744375 2.4814687 15.462563 3.3554688 16.976562 L 2 22 L 7.2324219 20.763672 C 8.6914219 21.559672 10.333859 21.977516 12.005859 21.978516 L 12.009766 21.978516 C 17.514766 21.978516 21.995047 17.499141 21.998047 11.994141 C 22.000047 9.3251406 20.962172 6.8157344 19.076172 4.9277344 C 17.190172 3.0407344 14.683719 2.001 12.011719 2 z M 12.009766 4 C 14.145766 4.001 16.153109 4.8337969 17.662109 6.3417969 C 19.171109 7.8517969 20.000047 9.8581875 19.998047 11.992188 C 19.996047 16.396187 16.413812 19.978516 12.007812 19.978516 C 10.674812 19.977516 9.3544062 19.642812 8.1914062 19.007812 L 7.5175781 18.640625 L 6.7734375 18.816406 L 4.8046875 19.28125 L 5.2851562 17.496094 L 5.5019531 16.695312 L 5.0878906 15.976562 C 4.3898906 14.768562 4.0204844 13.387375 4.0214844 11.984375 C 4.0234844 7.582375 7.6067656 4 12.009766 4 z M 8.4765625 7.375 C 8.3095625 7.375 8.0395469 7.4375 7.8105469 7.6875 C 7.5815469 7.9365 6.9355469 8.5395781 6.9355469 9.7675781 C 6.9355469 10.995578 7.8300781 12.182609 7.9550781 12.349609 C 8.0790781 12.515609 9.68175 15.115234 12.21875 16.115234 C 14.32675 16.946234 14.754891 16.782234 15.212891 16.740234 C 15.670891 16.699234 16.690438 16.137687 16.898438 15.554688 C 17.106437 14.971687 17.106922 14.470187 17.044922 14.367188 C 16.982922 14.263188 16.816406 14.201172 16.566406 14.076172 C 16.317406 13.951172 15.090328 13.348625 14.861328 13.265625 C 14.632328 13.182625 14.464828 13.140625 14.298828 13.390625 C 14.132828 13.640625 13.655766 14.201187 13.509766 14.367188 C 13.363766 14.534188 13.21875 14.556641 12.96875 14.431641 C 12.71875 14.305641 11.914938 14.041406 10.960938 13.191406 C 10.218937 12.530406 9.7182656 11.714844 9.5722656 11.464844 C 9.4272656 11.215844 9.5585938 11.079078 9.6835938 10.955078 C 9.7955938 10.843078 9.9316406 10.663578 10.056641 10.517578 C 10.180641 10.371578 10.223641 10.267562 10.306641 10.101562 C 10.389641 9.9355625 10.347156 9.7890625 10.285156 9.6640625 C 10.223156 9.5390625 9.737625 8.3065 9.515625 7.8125 C 9.328625 7.3975 9.131125 7.3878594 8.953125 7.3808594 C 8.808125 7.3748594 8.6425625 7.375 8.4765625 7.375 z\"><\/path><\/svg><span class=\"wp-block-social-link-label screen-reader-text\">WhatsApp<\/span><\/a><\/li>\n\n<li class=\"wp-social-link wp-social-link-amazon  wp-block-social-link\"><a href=\"https:\/\/www.amazon.co.uk\" class=\"wp-block-social-link-anchor\"><svg width=\"24\" height=\"24\" viewBox=\"0 0 24 24\" version=\"1.1\" xmlns=\"http:\/\/www.w3.org\/2000\/svg\" aria-hidden=\"true\" focusable=\"false\"><path d=\"M13.582,8.182C11.934,8.367,9.78,8.49,8.238,9.166c-1.781,0.769-3.03,2.337-3.03,4.644 c0,2.953,1.86,4.429,4.253,4.429c2.02,0,3.125-0.477,4.685-2.065c0.516,0.747,0.685,1.109,1.629,1.894 c0.212,0.114,0.483,0.103,0.672-0.066l0.006,0.006c0.567-0.505,1.599-1.401,2.18-1.888c0.231-0.188,0.19-0.496,0.009-0.754 c-0.52-0.718-1.072-1.303-1.072-2.634V8.305c0-1.876,0.133-3.599-1.249-4.891C15.23,2.369,13.422,2,12.04,2 C9.336,2,6.318,3.01,5.686,6.351C5.618,6.706,5.877,6.893,6.109,6.945l2.754,0.298C9.121,7.23,9.308,6.977,9.357,6.72 c0.236-1.151,1.2-1.706,2.284-1.706c0.584,0,1.249,0.215,1.595,0.738c0.398,0.584,0.346,1.384,0.346,2.061V8.182z M13.049,14.088 c-0.451,0.8-1.169,1.291-1.967,1.291c-1.09,0-1.728-0.83-1.728-2.061c0-2.42,2.171-2.86,4.227-2.86v0.615 C13.582,12.181,13.608,13.104,13.049,14.088z M20.683,19.339C18.329,21.076,14.917,22,11.979,22c-4.118,0-7.826-1.522-10.632-4.057 c-0.22-0.199-0.024-0.471,0.241-0.317c3.027,1.762,6.771,2.823,10.639,2.823c2.608,0,5.476-0.541,8.115-1.66 C20.739,18.62,21.072,19.051,20.683,19.339z M21.336,21.043c-0.194,0.163-0.379,0.076-0.293-0.139 c0.284-0.71,0.92-2.298,0.619-2.684c-0.301-0.386-1.99-0.183-2.749-0.092c-0.23,0.027-0.266-0.173-0.059-0.319 c1.348-0.946,3.555-0.673,3.811-0.356C22.925,17.773,22.599,19.986,21.336,21.043z\"><\/path><\/svg><span class=\"wp-block-social-link-label screen-reader-text\">Amazon<\/span><\/a><\/li>\n\n<li class=\"wp-social-link wp-social-link-fivehundredpx  wp-block-social-link\"><a href=\"https:\/\/www.ebay.co.uk\" class=\"wp-block-social-link-anchor\"><svg width=\"24\" height=\"24\" viewBox=\"0 0 24 24\" version=\"1.1\" xmlns=\"http:\/\/www.w3.org\/2000\/svg\" aria-hidden=\"true\" focusable=\"false\"><path d=\"M6.94026,15.1412c.00437.01213.108.29862.168.44064a6.55008,6.55008,0,1,0,6.03191-9.09557,6.68654,6.68654,0,0,0-2.58357.51467A8.53914,8.53914,0,0,0,8.21268,8.61344L8.209,8.61725V3.22948l9.0504-.00008c.32934-.0036.32934-.46353.32934-.61466s0-.61091-.33035-.61467L7.47248,2a.43.43,0,0,0-.43131.42692v7.58355c0,.24466.30476.42131.58793.4819.553.11812.68074-.05864.81617-.2457l.018-.02481A10.52673,10.52673,0,0,1,9.32258,9.258a5.35268,5.35268,0,1,1,7.58985,7.54976,5.417,5.417,0,0,1-3.80867,1.56365,5.17483,5.17483,0,0,1-2.69822-.74478l.00342-4.61111a2.79372,2.79372,0,0,1,.71372-1.78792,2.61611,2.61611,0,0,1,1.98282-.89477,2.75683,2.75683,0,0,1,1.95525.79477,2.66867,2.66867,0,0,1,.79656,1.909,2.724,2.724,0,0,1-2.75849,2.748,4.94651,4.94651,0,0,1-.86254-.13719c-.31234-.093-.44519.34058-.48892.48349-.16811.54966.08453.65862.13687.67489a3.75751,3.75751,0,0,0,1.25234.18375,3.94634,3.94634,0,1,0-2.82444-6.742,3.67478,3.67478,0,0,0-1.13028,2.584l-.00041.02323c-.0035.11667-.00579,2.881-.00644,3.78811l-.00407-.00451a6.18521,6.18521,0,0,1-1.0851-1.86092c-.10544-.27856-.34358-.22925-.66857-.12917-.14192.04372-.57386.17677-.47833.489Zm4.65165-1.08338a.51346.51346,0,0,0,.19513.31818l.02276.022a.52945.52945,0,0,0,.3517.18416.24242.24242,0,0,0,.16577-.0611c.05473-.05082.67382-.67812.73287-.738l.69041.68819a.28978.28978,0,0,0,.21437.11032.53239.53239,0,0,0,.35708-.19486c.29792-.30419.14885-.46821.07676-.54751l-.69954-.69975.72952-.73469c.16-.17311.01874-.35708-.12218-.498-.20461-.20461-.402-.25742-.52855-.14083l-.7254.72665-.73354-.73375a.20128.20128,0,0,0-.14179-.05695.54135.54135,0,0,0-.34379.19648c-.22561.22555-.274.38149-.15656.5059l.73374.7315-.72942.73072A.26589.26589,0,0,0,11.59191,14.05782Zm1.59866-9.915A8.86081,8.86081,0,0,0,9.854,4.776a.26169.26169,0,0,0-.16938.22759.92978.92978,0,0,0,.08619.42094c.05682.14524.20779.531.50006.41955a8.40969,8.40969,0,0,1,2.91968-.55484,7.87875,7.87875,0,0,1,3.086.62286,8.61817,8.61817,0,0,1,2.30562,1.49315.2781.2781,0,0,0,.18318.07586c.15529,0,.30425-.15253.43167-.29551.21268-.23861.35873-.4369.1492-.63538a8.50425,8.50425,0,0,0-2.62312-1.694A9.0177,9.0177,0,0,0,13.19058,4.14283ZM19.50945,18.6236h0a.93171.93171,0,0,0-.36642-.25406.26589.26589,0,0,0-.27613.06613l-.06943.06929A7.90606,7.90606,0,0,1,7.60639,18.505a7.57284,7.57284,0,0,1-1.696-2.51537,8.58715,8.58715,0,0,1-.5147-1.77754l-.00871-.04864c-.04939-.25873-.28755-.27684-.62981-.22448-.14234.02178-.5755.088-.53426.39969l.001.00712a9.08807,9.08807,0,0,0,15.406,4.99094c.00193-.00192.04753-.04718.0725-.07436C19.79425,19.16234,19.87422,18.98728,19.50945,18.6236Z\"><\/path><\/svg><span class=\"wp-block-social-link-label screen-reader-text\">500px<\/span><\/a><\/li><\/ul>\n<\/div>\n<\/div>\n","protected":false},"excerpt":{"rendered":"<p>Bienvenue dans les tailles de capsules ! Nous comprenons qu&#8217;il est important pour vous de recevoir vos articles rapidement et en toute s\u00e9curit\u00e9, c&#8217;est pourquoi [&hellip;]<\/p>\n","protected":false},"author":1,"featured_media":0,"parent":0,"menu_order":0,"comment_status":"closed","ping_status":"closed","template":"","meta":{"footnotes":""},"class_list":["post-422","page","type-page","status-publish","hentry"],"yoast_head":"<!-- This site is optimized with the Yoast SEO plugin v22.6 - https:\/\/yoast.com\/wordpress\/plugins\/seo\/ -->\n<title>Livraison et exp\u00e9dition - Empty Capsule Supplier<\/title>\n<meta name=\"robots\" content=\"index, follow, max-snippet:-1, max-image-preview:large, max-video-preview:-1\" \/>\n<link rel=\"canonical\" href=\"https:\/\/capsulesizes.com\/fr\/livraison-et-expedition\/\" \/>\n<meta property=\"og:locale\" content=\"fr_FR\" \/>\n<meta property=\"og:type\" content=\"article\" \/>\n<meta property=\"og:title\" content=\"Livraison et exp\u00e9dition - Empty Capsule Supplier\" \/>\n<meta property=\"og:description\" content=\"Bienvenue dans les tailles de capsules ! Nous comprenons qu&#8217;il est important pour vous de recevoir vos articles rapidement et en toute s\u00e9curit\u00e9, c&#8217;est pourquoi [&hellip;]\" \/>\n<meta property=\"og:url\" content=\"https:\/\/capsulesizes.com\/fr\/livraison-et-expedition\/\" \/>\n<meta property=\"og:site_name\" content=\"Empty Capsule Supplier\" \/>\n<meta property=\"article:modified_time\" content=\"2024-03-30T10:33:01+00:00\" \/>\n<meta name=\"twitter:card\" content=\"summary_large_image\" \/>\n<meta name=\"twitter:label1\" content=\"Dur\u00e9e de lecture estim\u00e9e\" \/>\n\t<meta name=\"twitter:data1\" content=\"3 minutes\" \/>\n<script type=\"application\/ld+json\" class=\"yoast-schema-graph\">{\"@context\":\"https:\/\/schema.org\",\"@graph\":[{\"@type\":\"WebPage\",\"@id\":\"https:\/\/capsulesizes.com\/fr\/livraison-et-expedition\/\",\"url\":\"https:\/\/capsulesizes.com\/fr\/livraison-et-expedition\/\",\"name\":\"Livraison et exp\u00e9dition - Empty Capsule Supplier\",\"isPartOf\":{\"@id\":\"https:\/\/capsulesizes.com\/fr\/#website\"},\"datePublished\":\"2024-03-20T15:37:30+00:00\",\"dateModified\":\"2024-03-30T10:33:01+00:00\",\"breadcrumb\":{\"@id\":\"https:\/\/capsulesizes.com\/fr\/livraison-et-expedition\/#breadcrumb\"},\"inLanguage\":\"fr-FR\",\"potentialAction\":[{\"@type\":\"ReadAction\",\"target\":[\"https:\/\/capsulesizes.com\/fr\/livraison-et-expedition\/\"]}]},{\"@type\":\"BreadcrumbList\",\"@id\":\"https:\/\/capsulesizes.com\/fr\/livraison-et-expedition\/#breadcrumb\",\"itemListElement\":[{\"@type\":\"ListItem\",\"position\":1,\"name\":\"Home\",\"item\":\"https:\/\/capsulesizes.com\/fr\/\"},{\"@type\":\"ListItem\",\"position\":2,\"name\":\"Livraison et exp\u00e9dition\"}]},{\"@type\":\"WebSite\",\"@id\":\"https:\/\/capsulesizes.com\/fr\/#website\",\"url\":\"https:\/\/capsulesizes.com\/fr\/\",\"name\":\"Empty Capsule Supplier\",\"description\":\"Empty Gelatin &amp; HPMC (Vegetarian) Capsules Size 000, 00, 0, 1, 2, 3, &amp; 4\",\"publisher\":{\"@id\":\"https:\/\/capsulesizes.com\/fr\/#organization\"},\"potentialAction\":[{\"@type\":\"SearchAction\",\"target\":{\"@type\":\"EntryPoint\",\"urlTemplate\":\"https:\/\/capsulesizes.com\/fr\/?s={search_term_string}\"},\"query-input\":\"required name=search_term_string\"}],\"inLanguage\":\"fr-FR\"},{\"@type\":\"Organization\",\"@id\":\"https:\/\/capsulesizes.com\/fr\/#organization\",\"name\":\"Empty Capsule Supplier\",\"url\":\"https:\/\/capsulesizes.com\/fr\/\",\"logo\":{\"@type\":\"ImageObject\",\"inLanguage\":\"fr-FR\",\"@id\":\"https:\/\/capsulesizes.com\/fr\/#\/schema\/logo\/image\/\",\"url\":\"https:\/\/capsulesizes.com\/wp-content\/uploads\/2024\/03\/cropped-CAPSI-LOGO.jpg\",\"contentUrl\":\"https:\/\/capsulesizes.com\/wp-content\/uploads\/2024\/03\/cropped-CAPSI-LOGO.jpg\",\"width\":1211,\"height\":1105,\"caption\":\"Empty Capsule Supplier\"},\"image\":{\"@id\":\"https:\/\/capsulesizes.com\/fr\/#\/schema\/logo\/image\/\"}}]}<\/script>\n<!-- \/ Yoast SEO plugin. -->","yoast_head_json":{"title":"Livraison et exp\u00e9dition - Empty Capsule Supplier","robots":{"index":"index","follow":"follow","max-snippet":"max-snippet:-1","max-image-preview":"max-image-preview:large","max-video-preview":"max-video-preview:-1"},"canonical":"https:\/\/capsulesizes.com\/fr\/livraison-et-expedition\/","og_locale":"fr_FR","og_type":"article","og_title":"Livraison et exp\u00e9dition - Empty Capsule Supplier","og_description":"Bienvenue dans les tailles de capsules ! Nous comprenons qu&#8217;il est important pour vous de recevoir vos articles rapidement et en toute s\u00e9curit\u00e9, c&#8217;est pourquoi [&hellip;]","og_url":"https:\/\/capsulesizes.com\/fr\/livraison-et-expedition\/","og_site_name":"Empty Capsule Supplier","article_modified_time":"2024-03-30T10:33:01+00:00","twitter_card":"summary_large_image","twitter_misc":{"Dur\u00e9e de lecture estim\u00e9e":"3 minutes"},"schema":{"@context":"https:\/\/schema.org","@graph":[{"@type":"WebPage","@id":"https:\/\/capsulesizes.com\/fr\/livraison-et-expedition\/","url":"https:\/\/capsulesizes.com\/fr\/livraison-et-expedition\/","name":"Livraison et exp\u00e9dition - Empty Capsule Supplier","isPartOf":{"@id":"https:\/\/capsulesizes.com\/fr\/#website"},"datePublished":"2024-03-20T15:37:30+00:00","dateModified":"2024-03-30T10:33:01+00:00","breadcrumb":{"@id":"https:\/\/capsulesizes.com\/fr\/livraison-et-expedition\/#breadcrumb"},"inLanguage":"fr-FR","potentialAction":[{"@type":"ReadAction","target":["https:\/\/capsulesizes.com\/fr\/livraison-et-expedition\/"]}]},{"@type":"BreadcrumbList","@id":"https:\/\/capsulesizes.com\/fr\/livraison-et-expedition\/#breadcrumb","itemListElement":[{"@type":"ListItem","position":1,"name":"Home","item":"https:\/\/capsulesizes.com\/fr\/"},{"@type":"ListItem","position":2,"name":"Livraison et exp\u00e9dition"}]},{"@type":"WebSite","@id":"https:\/\/capsulesizes.com\/fr\/#website","url":"https:\/\/capsulesizes.com\/fr\/","name":"Empty Capsule Supplier","description":"Empty Gelatin &amp; HPMC (Vegetarian) Capsules Size 000, 00, 0, 1, 2, 3, &amp; 4","publisher":{"@id":"https:\/\/capsulesizes.com\/fr\/#organization"},"potentialAction":[{"@type":"SearchAction","target":{"@type":"EntryPoint","urlTemplate":"https:\/\/capsulesizes.com\/fr\/?s={search_term_string}"},"query-input":"required name=search_term_string"}],"inLanguage":"fr-FR"},{"@type":"Organization","@id":"https:\/\/capsulesizes.com\/fr\/#organization","name":"Empty Capsule Supplier","url":"https:\/\/capsulesizes.com\/fr\/","logo":{"@type":"ImageObject","inLanguage":"fr-FR","@id":"https:\/\/capsulesizes.com\/fr\/#\/schema\/logo\/image\/","url":"https:\/\/capsulesizes.com\/wp-content\/uploads\/2024\/03\/cropped-CAPSI-LOGO.jpg","contentUrl":"https:\/\/capsulesizes.com\/wp-content\/uploads\/2024\/03\/cropped-CAPSI-LOGO.jpg","width":1211,"height":1105,"caption":"Empty Capsule Supplier"},"image":{"@id":"https:\/\/capsulesizes.com\/fr\/#\/schema\/logo\/image\/"}}]}},"jetpack_sharing_enabled":true,"_links":{"self":[{"href":"https:\/\/capsulesizes.com\/fr\/wp-json\/wp\/v2\/pages\/422","targetHints":{"allow":["GET"]}}],"collection":[{"href":"https:\/\/capsulesizes.com\/fr\/wp-json\/wp\/v2\/pages"}],"about":[{"href":"https:\/\/capsulesizes.com\/fr\/wp-json\/wp\/v2\/types\/page"}],"author":[{"embeddable":true,"href":"https:\/\/capsulesizes.com\/fr\/wp-json\/wp\/v2\/users\/1"}],"replies":[{"embeddable":true,"href":"https:\/\/capsulesizes.com\/fr\/wp-json\/wp\/v2\/comments?post=422"}],"version-history":[{"count":1,"href":"https:\/\/capsulesizes.com\/fr\/wp-json\/wp\/v2\/pages\/422\/revisions"}],"predecessor-version":[{"id":423,"href":"https:\/\/capsulesizes.com\/fr\/wp-json\/wp\/v2\/pages\/422\/revisions\/423"}],"wp:attachment":[{"href":"https:\/\/capsulesizes.com\/fr\/wp-json\/wp\/v2\/media?parent=422"}],"curies":[{"name":"wp","href":"https:\/\/api.w.org\/{rel}","templated":true}]}}