{"id":451,"date":"2024-03-20T16:31:55","date_gmt":"2024-03-20T16:31:55","guid":{"rendered":"https:\/\/capsulesizes.com\/product\/capsules-de-gelatine-vides-taille-0\/"},"modified":"2024-03-20T16:31:55","modified_gmt":"2024-03-20T16:31:55","slug":"capsules-de-gelatine-vides-taille-0","status":"publish","type":"product","link":"https:\/\/capsulesizes.com\/fr\/produit\/capsules-de-gelatine-vides-taille-0\/","title":{"rendered":"Capsules de g\u00e9latine vides taille 0"},"content":{"rendered":"<div class=\"celwidget aplus-module 3p-module-b aplus-standard\" data-csa-c-id=\"pqdoh7-h6x57l-u0ldzw-kh4k8\" data-cel-widget=\"aplus-3p-module-b\">\n<div class=\"aplus-module-wrapper aplus-3p-fixed-width\">\n<h3 class=\"a-spacing-mini\">500MG Poids de remplissage moyen #0<\/h3>\n<p class=\"a-spacing-base\">Nos tailles 0 sont m\u00e9ticuleusement con\u00e7ues pour r\u00e9pondre aux normes de qualit\u00e9 les plus \u00e9lev\u00e9es, garantissant fiabilit\u00e9 et pr\u00e9cision dans l&#8217;encapsulation pour les applications pharmaceutiques, nutraceutiques et \u00e0 base de plantes.<\/p>\n<p class=\"a-spacing-base\">Fonctionnalit\u00e9 CAPSI #0 :<\/p>\n<ul class=\"a-unordered-list a-vertical\">\n<li><span class=\"a-list-item\"><span class=\"a-text-bold\">Compatibilit\u00e9 taille 0<\/span> : Sp\u00e9cialement con\u00e7ues pour accueillir une quantit\u00e9 g\u00e9n\u00e9reuse de mat\u00e9riau encapsul\u00e9, ces capsules de taille 0 offrent polyvalence et espace, adapt\u00e9es \u00e0 diverses formulations et exigences de dosage.<\/span><\/li>\n<li><span class=\"a-list-item\"><span class=\"a-text-bold\">Mat\u00e9riaux de qualit\u00e9 sup\u00e9rieure<\/span> : fabriqu\u00e9es \u00e0 partir de mat\u00e9riaux non toxiques de qualit\u00e9 pharmaceutique, nos capsules privil\u00e9gient la s\u00e9curit\u00e9 et la puret\u00e9.<\/span><\/li>\n<li><span class=\"a-list-item\"><span class=\"a-text-bold\">Uniforme et coh\u00e9rent<\/span> : chaque capsule est fabriqu\u00e9e avec pr\u00e9cision, garantissant l&#8217;uniformit\u00e9 de la taille, de la forme et de la capacit\u00e9, facilitant ainsi un processus d&#8217;encapsulation fluide et fiable.<\/span><\/li>\n<li><span class=\"a-list-item\"><span class=\"a-text-bold\">Conception facile \u00e0 remplir<\/span> : Con\u00e7u avec une conception pratique qui simplifie les processus de remplissage, permettant un remplissage efficace et pr\u00e9cis des formulations de poudres et de granul\u00e9s.<\/span><\/li>\n<li><span class=\"a-list-item\"><span class=\"a-text-bold\">Fermeture s\u00e9curis\u00e9e<\/span> : les capsules se verrouillent et scellent en toute s\u00e9curit\u00e9, prot\u00e9geant le contenu ferm\u00e9 de l&#8217;humidit\u00e9, de l&#8217;air et de la lumi\u00e8re, pr\u00e9servant ainsi leur int\u00e9grit\u00e9 et leur puissance.<\/span><\/li>\n<\/ul>\n<p>&nbsp;<\/p>\n<\/div>\n<\/div>\n<div class=\"celwidget aplus-module module-4 aplus-standard\" data-csa-c-id=\"wybp3h-3pmsxh-n8ieun-4ieqg4\" data-cel-widget=\"aplus-module-4\">\n<div class=\"aplus-module-wrapper apm-fixed-width\">\n<div class=\"apm-spacing\">\n<div class=\"apm-floatleft apm-fixed-width\"><\/div>\n<\/div>\n<\/div>\n<\/div>\n","protected":false},"excerpt":{"rendered":"<div class=\"celwidget aplus-module module-16-tech-specs aplus-standard\" data-csa-c-id=\"5lys0q-lx7uo1-k6zdnb-3o7k7r\" data-cel-widget=\"aplus-module-16-tech-specs\">\n<div class=\"a-section a-spacing-large aplus-module-wrapper apm-fixed-width aplus-index-5\">\n<div class=\"a-row\">\n<div class=\"a-column a-span6\">\n<table class=\"a-bordered a-horizontal-stripes aplus-tech-spec-table\">\n<tbody>\n<tr>\n<td class=\"a-text-bold\">Taille<\/td>\n<td>#0<\/td>\n<\/tr>\n<tr>\n<td class=\"a-text-bold\">Poids de remplissage moyen<\/td>\n<td>500 mg<\/td>\n<\/tr>\n<tr>\n<td class=\"a-text-bold\">Ingr\u00e9dients<\/td>\n<td>G\u00e9latine et eau purifi\u00e9e<\/td>\n<\/tr>\n<\/tbody>\n<\/table>\n<\/div>\n<div class=\"a-column a-span6 a-span-last\">\n<table class=\"a-bordered a-horizontal-stripes aplus-tech-spec-table\">\n<tbody>\n<tr>\n<td class=\"a-text-bold\">Articulation<\/td>\n<td>Les capsules sont connect\u00e9es (tr\u00e8s faciles \u00e0 d\u00e9monter, \u00e0 remplir et \u00e0 embo\u00eeter)<\/td>\n<\/tr>\n<tr>\n<td class=\"a-text-bold\">Appropri\u00e9 \u00e0 l&#8217;usage<\/td>\n<td>Convient \u00e0 tous les ingr\u00e9dients secs (herbes et poudres)<\/td>\n<\/tr>\n<tr>\n<td class=\"a-text-bold\">Couleur<\/td>\n<td>Effacer\/Effacer<\/td>\n<\/tr>\n<\/tbody>\n<\/table>\n<\/div>\n<\/div>\n<\/div>\n<\/div>\n<div class=\"celwidget aplus-module launchpad-company-logo aplus-standard\" data-csa-c-id=\"najj6b-6xuauo-fuxhwn-e2zuat\" data-cel-widget=\"aplus-launchpad-company-logo\"><\/div>\n","protected":false},"featured_media":436,"comment_status":"open","ping_status":"closed","template":"","meta":[],"product_cat":[38,41],"product_tag":[],"class_list":{"0":"post-451","1":"product","2":"type-product","3":"status-publish","4":"has-post-thumbnail","6":"product_cat-gelatine-fr","7":"product_cat-taille-0","9":"first","10":"instock","11":"taxable","12":"shipping-taxable","13":"purchasable","14":"product-type-variable"},"yoast_head":"<!-- This site is optimized with the Yoast SEO plugin v22.6 - https:\/\/yoast.com\/wordpress\/plugins\/seo\/ -->\n<title>Capsules de g\u00e9latine vides taille 0 - Empty Capsule Supplier<\/title>\n<meta name=\"robots\" content=\"index, follow, max-snippet:-1, max-image-preview:large, max-video-preview:-1\" \/>\n<link rel=\"canonical\" href=\"https:\/\/capsulesizes.com\/fr\/produit\/capsules-de-gelatine-vides-taille-0\/\" \/>\n<meta property=\"og:locale\" content=\"fr_FR\" \/>\n<meta property=\"og:type\" content=\"article\" \/>\n<meta property=\"og:title\" content=\"Capsules de g\u00e9latine vides taille 0 - Empty Capsule Supplier\" \/>\n<meta property=\"og:description\" content=\"Taille #0  Poids de remplissage moyen 500 mg  Ingr\u00e9dients G\u00e9latine et eau purifi\u00e9e     Articulation Les capsules sont connect\u00e9es (tr\u00e8s faciles \u00e0 d\u00e9monter, \u00e0 remplir et \u00e0 embo\u00eeter)  Appropri\u00e9 \u00e0 l&#039;usage Convient \u00e0 tous les ingr\u00e9dients secs (herbes et poudres)  Couleur Effacer\/Effacer\" \/>\n<meta property=\"og:url\" content=\"https:\/\/capsulesizes.com\/fr\/produit\/capsules-de-gelatine-vides-taille-0\/\" \/>\n<meta property=\"og:site_name\" content=\"Empty Capsule Supplier\" \/>\n<meta property=\"og:image\" content=\"https:\/\/capsulesizes.com\/wp-content\/uploads\/2024\/03\/wholesale-box.jpg\" \/>\n\t<meta property=\"og:image:width\" content=\"500\" \/>\n\t<meta property=\"og:image:height\" content=\"500\" \/>\n\t<meta property=\"og:image:type\" content=\"image\/jpeg\" \/>\n<meta name=\"twitter:card\" content=\"summary_large_image\" \/>\n<meta name=\"twitter:label1\" content=\"Dur\u00e9e de lecture estim\u00e9e\" \/>\n\t<meta name=\"twitter:data1\" content=\"1 minute\" \/>\n<script type=\"application\/ld+json\" class=\"yoast-schema-graph\">{\"@context\":\"https:\/\/schema.org\",\"@graph\":[{\"@type\":\"WebPage\",\"@id\":\"https:\/\/capsulesizes.com\/fr\/produit\/capsules-de-gelatine-vides-taille-0\/\",\"url\":\"https:\/\/capsulesizes.com\/fr\/produit\/capsules-de-gelatine-vides-taille-0\/\",\"name\":\"Capsules de g\u00e9latine vides taille 0 - Empty Capsule Supplier\",\"isPartOf\":{\"@id\":\"https:\/\/capsulesizes.com\/fr\/#website\"},\"primaryImageOfPage\":{\"@id\":\"https:\/\/capsulesizes.com\/fr\/produit\/capsules-de-gelatine-vides-taille-0\/#primaryimage\"},\"image\":{\"@id\":\"https:\/\/capsulesizes.com\/fr\/produit\/capsules-de-gelatine-vides-taille-0\/#primaryimage\"},\"thumbnailUrl\":\"https:\/\/capsulesizes.com\/wp-content\/uploads\/2024\/03\/wholesale-box.jpg\",\"datePublished\":\"2024-03-20T16:31:55+00:00\",\"dateModified\":\"2024-03-20T16:31:55+00:00\",\"breadcrumb\":{\"@id\":\"https:\/\/capsulesizes.com\/fr\/produit\/capsules-de-gelatine-vides-taille-0\/#breadcrumb\"},\"inLanguage\":\"fr-FR\",\"potentialAction\":[{\"@type\":\"ReadAction\",\"target\":[\"https:\/\/capsulesizes.com\/fr\/produit\/capsules-de-gelatine-vides-taille-0\/\"]}]},{\"@type\":\"ImageObject\",\"inLanguage\":\"fr-FR\",\"@id\":\"https:\/\/capsulesizes.com\/fr\/produit\/capsules-de-gelatine-vides-taille-0\/#primaryimage\",\"url\":\"https:\/\/capsulesizes.com\/wp-content\/uploads\/2024\/03\/wholesale-box.jpg\",\"contentUrl\":\"https:\/\/capsulesizes.com\/wp-content\/uploads\/2024\/03\/wholesale-box.jpg\",\"width\":500,\"height\":500},{\"@type\":\"BreadcrumbList\",\"@id\":\"https:\/\/capsulesizes.com\/fr\/produit\/capsules-de-gelatine-vides-taille-0\/#breadcrumb\",\"itemListElement\":[{\"@type\":\"ListItem\",\"position\":1,\"name\":\"Home\",\"item\":\"https:\/\/capsulesizes.com\/fr\/\"},{\"@type\":\"ListItem\",\"position\":2,\"name\":\"Boutique\",\"item\":\"https:\/\/capsulesizes.com\/fr\/boutique\/\"},{\"@type\":\"ListItem\",\"position\":3,\"name\":\"Capsules de g\u00e9latine vides taille 0\"}]},{\"@type\":\"WebSite\",\"@id\":\"https:\/\/capsulesizes.com\/fr\/#website\",\"url\":\"https:\/\/capsulesizes.com\/fr\/\",\"name\":\"Empty Capsule Supplier\",\"description\":\"Empty Gelatin &amp; HPMC (Vegetarian) Capsules Size 000, 00, 0, 1, 2, 3, &amp; 4\",\"publisher\":{\"@id\":\"https:\/\/capsulesizes.com\/fr\/#organization\"},\"potentialAction\":[{\"@type\":\"SearchAction\",\"target\":{\"@type\":\"EntryPoint\",\"urlTemplate\":\"https:\/\/capsulesizes.com\/fr\/?s={search_term_string}\"},\"query-input\":\"required name=search_term_string\"}],\"inLanguage\":\"fr-FR\"},{\"@type\":\"Organization\",\"@id\":\"https:\/\/capsulesizes.com\/fr\/#organization\",\"name\":\"Empty Capsule Supplier\",\"url\":\"https:\/\/capsulesizes.com\/fr\/\",\"logo\":{\"@type\":\"ImageObject\",\"inLanguage\":\"fr-FR\",\"@id\":\"https:\/\/capsulesizes.com\/fr\/#\/schema\/logo\/image\/\",\"url\":\"https:\/\/capsulesizes.com\/wp-content\/uploads\/2024\/03\/cropped-CAPSI-LOGO.jpg\",\"contentUrl\":\"https:\/\/capsulesizes.com\/wp-content\/uploads\/2024\/03\/cropped-CAPSI-LOGO.jpg\",\"width\":1211,\"height\":1105,\"caption\":\"Empty Capsule Supplier\"},\"image\":{\"@id\":\"https:\/\/capsulesizes.com\/fr\/#\/schema\/logo\/image\/\"}}]}<\/script>\n<!-- \/ Yoast SEO plugin. -->","yoast_head_json":{"title":"Capsules de g\u00e9latine vides taille 0 - Empty Capsule Supplier","robots":{"index":"index","follow":"follow","max-snippet":"max-snippet:-1","max-image-preview":"max-image-preview:large","max-video-preview":"max-video-preview:-1"},"canonical":"https:\/\/capsulesizes.com\/fr\/produit\/capsules-de-gelatine-vides-taille-0\/","og_locale":"fr_FR","og_type":"article","og_title":"Capsules de g\u00e9latine vides taille 0 - Empty Capsule Supplier","og_description":"Taille #0  Poids de remplissage moyen 500 mg  Ingr\u00e9dients G\u00e9latine et eau purifi\u00e9e     Articulation Les capsules sont connect\u00e9es (tr\u00e8s faciles \u00e0 d\u00e9monter, \u00e0 remplir et \u00e0 embo\u00eeter)  Appropri\u00e9 \u00e0 l'usage Convient \u00e0 tous les ingr\u00e9dients secs (herbes et poudres)  Couleur Effacer\/Effacer","og_url":"https:\/\/capsulesizes.com\/fr\/produit\/capsules-de-gelatine-vides-taille-0\/","og_site_name":"Empty Capsule Supplier","og_image":[{"width":500,"height":500,"url":"https:\/\/capsulesizes.com\/wp-content\/uploads\/2024\/03\/wholesale-box.jpg","type":"image\/jpeg"}],"twitter_card":"summary_large_image","twitter_misc":{"Dur\u00e9e de lecture estim\u00e9e":"1 minute"},"schema":{"@context":"https:\/\/schema.org","@graph":[{"@type":"WebPage","@id":"https:\/\/capsulesizes.com\/fr\/produit\/capsules-de-gelatine-vides-taille-0\/","url":"https:\/\/capsulesizes.com\/fr\/produit\/capsules-de-gelatine-vides-taille-0\/","name":"Capsules de g\u00e9latine vides taille 0 - Empty Capsule Supplier","isPartOf":{"@id":"https:\/\/capsulesizes.com\/fr\/#website"},"primaryImageOfPage":{"@id":"https:\/\/capsulesizes.com\/fr\/produit\/capsules-de-gelatine-vides-taille-0\/#primaryimage"},"image":{"@id":"https:\/\/capsulesizes.com\/fr\/produit\/capsules-de-gelatine-vides-taille-0\/#primaryimage"},"thumbnailUrl":"https:\/\/capsulesizes.com\/wp-content\/uploads\/2024\/03\/wholesale-box.jpg","datePublished":"2024-03-20T16:31:55+00:00","dateModified":"2024-03-20T16:31:55+00:00","breadcrumb":{"@id":"https:\/\/capsulesizes.com\/fr\/produit\/capsules-de-gelatine-vides-taille-0\/#breadcrumb"},"inLanguage":"fr-FR","potentialAction":[{"@type":"ReadAction","target":["https:\/\/capsulesizes.com\/fr\/produit\/capsules-de-gelatine-vides-taille-0\/"]}]},{"@type":"ImageObject","inLanguage":"fr-FR","@id":"https:\/\/capsulesizes.com\/fr\/produit\/capsules-de-gelatine-vides-taille-0\/#primaryimage","url":"https:\/\/capsulesizes.com\/wp-content\/uploads\/2024\/03\/wholesale-box.jpg","contentUrl":"https:\/\/capsulesizes.com\/wp-content\/uploads\/2024\/03\/wholesale-box.jpg","width":500,"height":500},{"@type":"BreadcrumbList","@id":"https:\/\/capsulesizes.com\/fr\/produit\/capsules-de-gelatine-vides-taille-0\/#breadcrumb","itemListElement":[{"@type":"ListItem","position":1,"name":"Home","item":"https:\/\/capsulesizes.com\/fr\/"},{"@type":"ListItem","position":2,"name":"Boutique","item":"https:\/\/capsulesizes.com\/fr\/boutique\/"},{"@type":"ListItem","position":3,"name":"Capsules de g\u00e9latine vides taille 0"}]},{"@type":"WebSite","@id":"https:\/\/capsulesizes.com\/fr\/#website","url":"https:\/\/capsulesizes.com\/fr\/","name":"Empty Capsule Supplier","description":"Empty Gelatin &amp; HPMC (Vegetarian) Capsules Size 000, 00, 0, 1, 2, 3, &amp; 4","publisher":{"@id":"https:\/\/capsulesizes.com\/fr\/#organization"},"potentialAction":[{"@type":"SearchAction","target":{"@type":"EntryPoint","urlTemplate":"https:\/\/capsulesizes.com\/fr\/?s={search_term_string}"},"query-input":"required name=search_term_string"}],"inLanguage":"fr-FR"},{"@type":"Organization","@id":"https:\/\/capsulesizes.com\/fr\/#organization","name":"Empty Capsule Supplier","url":"https:\/\/capsulesizes.com\/fr\/","logo":{"@type":"ImageObject","inLanguage":"fr-FR","@id":"https:\/\/capsulesizes.com\/fr\/#\/schema\/logo\/image\/","url":"https:\/\/capsulesizes.com\/wp-content\/uploads\/2024\/03\/cropped-CAPSI-LOGO.jpg","contentUrl":"https:\/\/capsulesizes.com\/wp-content\/uploads\/2024\/03\/cropped-CAPSI-LOGO.jpg","width":1211,"height":1105,"caption":"Empty Capsule Supplier"},"image":{"@id":"https:\/\/capsulesizes.com\/fr\/#\/schema\/logo\/image\/"}}]}},"jetpack_sharing_enabled":true,"_links":{"self":[{"href":"https:\/\/capsulesizes.com\/fr\/wp-json\/wp\/v2\/product\/451","targetHints":{"allow":["GET"]}}],"collection":[{"href":"https:\/\/capsulesizes.com\/fr\/wp-json\/wp\/v2\/product"}],"about":[{"href":"https:\/\/capsulesizes.com\/fr\/wp-json\/wp\/v2\/types\/product"}],"replies":[{"embeddable":true,"href":"https:\/\/capsulesizes.com\/fr\/wp-json\/wp\/v2\/comments?post=451"}],"wp:featuredmedia":[{"embeddable":true,"href":"https:\/\/capsulesizes.com\/fr\/wp-json\/wp\/v2\/media\/436"}],"wp:attachment":[{"href":"https:\/\/capsulesizes.com\/fr\/wp-json\/wp\/v2\/media?parent=451"}],"wp:term":[{"taxonomy":"product_cat","embeddable":true,"href":"https:\/\/capsulesizes.com\/fr\/wp-json\/wp\/v2\/product_cat?post=451"},{"taxonomy":"product_tag","embeddable":true,"href":"https:\/\/capsulesizes.com\/fr\/wp-json\/wp\/v2\/product_tag?post=451"}],"curies":[{"name":"wp","href":"https:\/\/api.w.org\/{rel}","templated":true}]}}